{"id":23,"date":"2009-04-01T12:25:08","date_gmt":"2009-04-01T10:25:08","guid":{"rendered":"https:\/\/www.lasociedadgeografica.com\/blog\/?page_id=23"},"modified":"2020-08-10T16:30:00","modified_gmt":"2020-08-10T14:30:00","slug":"nuestros-viajes","status":"publish","type":"page","link":"https:\/\/www.lasociedadgeografica.com\/blog\/nuestros-viajes\/","title":{"rendered":"Nuestros viajes"},"content":{"rendered":"<p style=\"text-align: justify;\">Viajar con <em>Sociedad Geogr\u00e1fica de las Indias<\/em> significa viajar con los m\u00e1s altos criterios de calidad y garant\u00eda.<br \/>\nSignifica viajar con tu pareja, amigos\/as o familiares acompa\u00f1ados \u00fanicamente de un ch\u00f3fer y un gu\u00eda acompa\u00f1ante. A vuestro ritmo, sin depender de un grupo ni estar condicionado por una planificaci\u00f3n del viaje que no tiene en cuenta vuestros intereses. Vosotros decid\u00eds el tiempo que se le dedica a cada visita. Es vuestro viaje.<\/p>\n<p style=\"text-align: justify;\">Haz click en la imagen para encontrar m\u00e1s informaci\u00f3n sobre nuestros <a href=\"https:\/\/www.lasociedadgeografica.com\/concepto-de-viaje.html\" target=\"_blank\" rel=\"noopener noreferrer\">viajes exclusivos y a medida al Subcontinente Indio<\/a>.<\/p>\n<p style=\"text-align: justify;\"><a href=\"https:\/\/www.lasociedadgeografica.com\/nuestros-viajes\/\" target=\"_blank\" rel=\"noopener noreferrer\"><img loading=\"lazy\" decoding=\"async\" class=\"Viajes exclusivos a India aligncenter wp-image-7535 size-large\" title=\"Viajes exclusivos a India\" src=\"\/\/www.lasociedadgeografica.com\/blog\/uploads\/2009\/04\/portada_youtube_2560x1440-1024x577.jpg\" alt=\"Viajes exclusivos a India\" width=\"728\" height=\"410\" srcset=\"https:\/\/www.lasociedadgeografica.com\/blog\/uploads\/2009\/04\/portada_youtube_2560x1440-1024x577.jpg 1024w, https:\/\/www.lasociedadgeografica.com\/blog\/uploads\/2009\/04\/portada_youtube_2560x1440-300x169.jpg 300w, https:\/\/www.lasociedadgeografica.com\/blog\/uploads\/2009\/04\/portada_youtube_2560x1440-728x410.jpg 728w, https:\/\/www.lasociedadgeografica.com\/blog\/uploads\/2009\/04\/portada_youtube_2560x1440-363x204.jpg 363w, https:\/\/www.lasociedadgeografica.com\/blog\/uploads\/2009\/04\/portada_youtube_2560x1440-462x260.jpg 462w\" sizes=\"auto, (max-width: 728px) 100vw, 728px\" \/><\/a><\/p>\n<p style=\"text-align: justify;\">En <strong><a href=\"https:\/\/www.lasociedadgeografica.com\/viajes-a-medida-india\/\">este enlace<\/a><\/strong> encontrar\u00e1s algunos ejemplos de viajes realizados por nuestros clientes. Por cierto que algunos de ellos ya han decidido unirse a <a href=\"http:\/\/www.facebook.com\/pages\/Madrid-Spain\/Sociedad-Geografica-de-las-Indias\/107958792559131\" target=\"_blank\" rel=\"noopener noreferrer\">nuestra comunidad<\/a> de viajeros\/as en Facebook. \u00a1Te esperamos!<\/p>\n<p style=\"text-align: justify;\">\u00bfQuieres una propuesta? <a href=\"\/\/www.viajes-india.org\/sociedad-geografica-de-las-indias\/\" target=\"_blank\" rel=\"noopener noreferrer\">Cons\u00faltanos<\/a><\/p>\n","protected":false},"excerpt":{"rendered":"<p>Viajar con Sociedad Geogr\u00e1fica de las Indias significa viajar con los m\u00e1s altos criterios de calidad y garant\u00eda. Significa viajar con tu pareja, amigos\/as o familiares acompa\u00f1ados \u00fanicamente de un ch\u00f3fer y un gu\u00eda acompa\u00f1ante. &hellip;<\/p>\n","protected":false},"author":1,"featured_media":0,"parent":0,"menu_order":2,"comment_status":"open","ping_status":"open","template":"","meta":{"footnotes":""},"class_list":["post-23","page","type-page","status-publish","hentry"],"yoast_head":"<!-- This site is optimized with the Yoast SEO plugin v27.4 - https:\/\/yoast.com\/product\/yoast-seo-wordpress\/ -->\n<title>Nuestros viajes<\/title>\n<meta name=\"robots\" content=\"index, follow, max-snippet:-1, max-image-preview:large, max-video-preview:-1\" \/>\n<link rel=\"canonical\" href=\"https:\/\/www.lasociedadgeografica.com\/blog\/nuestros-viajes\/\" \/>\n<meta property=\"og:locale\" content=\"es_ES\" \/>\n<meta property=\"og:type\" content=\"article\" \/>\n<meta property=\"og:title\" content=\"Nuestros viajes\" \/>\n<meta property=\"og:description\" content=\"Viajar con Sociedad Geogr\u00e1fica de las Indias significa viajar con los m\u00e1s altos criterios de calidad y garant\u00eda. Significa viajar con tu pareja, amigos\/as o familiares acompa\u00f1ados \u00fanicamente de un ch\u00f3fer y un gu\u00eda acompa\u00f1ante. &hellip;\" \/>\n<meta property=\"og:url\" content=\"https:\/\/www.lasociedadgeografica.com\/blog\/nuestros-viajes\/\" \/>\n<meta property=\"og:site_name\" content=\"Blog de viajes a India\" \/>\n<meta property=\"article:modified_time\" content=\"2020-08-10T14:30:00+00:00\" \/>\n<meta property=\"og:image\" content=\"\/\/www.lasociedadgeografica.com\/blog\/uploads\/2009\/04\/portada_youtube_2560x1440-1024x577.jpg\" \/>\n<meta name=\"twitter:label1\" content=\"Tiempo de lectura\" \/>\n\t<meta name=\"twitter:data1\" content=\"1 minuto\" \/>\n<script type=\"application\/ld+json\" class=\"yoast-schema-graph\">{\"@context\":\"https:\\\/\\\/schema.org\",\"@graph\":[{\"@type\":\"WebPage\",\"@id\":\"https:\\\/\\\/www.lasociedadgeografica.com\\\/blog\\\/nuestros-viajes\\\/\",\"url\":\"https:\\\/\\\/www.lasociedadgeografica.com\\\/blog\\\/nuestros-viajes\\\/\",\"name\":\"Nuestros viajes\",\"isPartOf\":{\"@id\":\"https:\\\/\\\/www.lasociedadgeografica.com\\\/blog\\\/#website\"},\"datePublished\":\"2009-04-01T10:25:08+00:00\",\"dateModified\":\"2020-08-10T14:30:00+00:00\",\"breadcrumb\":{\"@id\":\"https:\\\/\\\/www.lasociedadgeografica.com\\\/blog\\\/nuestros-viajes\\\/#breadcrumb\"},\"inLanguage\":\"es\",\"potentialAction\":[{\"@type\":\"ReadAction\",\"target\":[\"https:\\\/\\\/www.lasociedadgeografica.com\\\/blog\\\/nuestros-viajes\\\/\"]}]},{\"@type\":\"BreadcrumbList\",\"@id\":\"https:\\\/\\\/www.lasociedadgeografica.com\\\/blog\\\/nuestros-viajes\\\/#breadcrumb\",\"itemListElement\":[{\"@type\":\"ListItem\",\"position\":1,\"name\":\"Portada\",\"item\":\"https:\\\/\\\/www.lasociedadgeografica.com\\\/blog\\\/\"},{\"@type\":\"ListItem\",\"position\":2,\"name\":\"Nuestros viajes\"}]},{\"@type\":\"WebSite\",\"@id\":\"https:\\\/\\\/www.lasociedadgeografica.com\\\/blog\\\/#website\",\"url\":\"https:\\\/\\\/www.lasociedadgeografica.com\\\/blog\\\/\",\"name\":\"Blog de viajes a India\",\"description\":\"Un lugar para Conocer India, con may\u00fasculas. El Blog de Sociedad Geogr\u00e1fica de las Indias.\",\"potentialAction\":[{\"@type\":\"SearchAction\",\"target\":{\"@type\":\"EntryPoint\",\"urlTemplate\":\"https:\\\/\\\/www.lasociedadgeografica.com\\\/blog\\\/?s={search_term_string}\"},\"query-input\":{\"@type\":\"PropertyValueSpecification\",\"valueRequired\":true,\"valueName\":\"search_term_string\"}}],\"inLanguage\":\"es\"}]}<\/script>\n<!-- \/ Yoast SEO plugin. -->","yoast_head_json":{"title":"Nuestros viajes","robots":{"index":"index","follow":"follow","max-snippet":"max-snippet:-1","max-image-preview":"max-image-preview:large","max-video-preview":"max-video-preview:-1"},"canonical":"https:\/\/www.lasociedadgeografica.com\/blog\/nuestros-viajes\/","og_locale":"es_ES","og_type":"article","og_title":"Nuestros viajes","og_description":"Viajar con Sociedad Geogr\u00e1fica de las Indias significa viajar con los m\u00e1s altos criterios de calidad y garant\u00eda. Significa viajar con tu pareja, amigos\/as o familiares acompa\u00f1ados \u00fanicamente de un ch\u00f3fer y un gu\u00eda acompa\u00f1ante. &hellip;","og_url":"https:\/\/www.lasociedadgeografica.com\/blog\/nuestros-viajes\/","og_site_name":"Blog de viajes a India","article_modified_time":"2020-08-10T14:30:00+00:00","og_image":[{"url":"\/\/www.lasociedadgeografica.com\/blog\/uploads\/2009\/04\/portada_youtube_2560x1440-1024x577.jpg","type":"","width":"","height":""}],"twitter_misc":{"Tiempo de lectura":"1 minuto"},"schema":{"@context":"https:\/\/schema.org","@graph":[{"@type":"WebPage","@id":"https:\/\/www.lasociedadgeografica.com\/blog\/nuestros-viajes\/","url":"https:\/\/www.lasociedadgeografica.com\/blog\/nuestros-viajes\/","name":"Nuestros viajes","isPartOf":{"@id":"https:\/\/www.lasociedadgeografica.com\/blog\/#website"},"datePublished":"2009-04-01T10:25:08+00:00","dateModified":"2020-08-10T14:30:00+00:00","breadcrumb":{"@id":"https:\/\/www.lasociedadgeografica.com\/blog\/nuestros-viajes\/#breadcrumb"},"inLanguage":"es","potentialAction":[{"@type":"ReadAction","target":["https:\/\/www.lasociedadgeografica.com\/blog\/nuestros-viajes\/"]}]},{"@type":"BreadcrumbList","@id":"https:\/\/www.lasociedadgeografica.com\/blog\/nuestros-viajes\/#breadcrumb","itemListElement":[{"@type":"ListItem","position":1,"name":"Portada","item":"https:\/\/www.lasociedadgeografica.com\/blog\/"},{"@type":"ListItem","position":2,"name":"Nuestros viajes"}]},{"@type":"WebSite","@id":"https:\/\/www.lasociedadgeografica.com\/blog\/#website","url":"https:\/\/www.lasociedadgeografica.com\/blog\/","name":"Blog de viajes a India","description":"Un lugar para Conocer India, con may\u00fasculas. El Blog de Sociedad Geogr\u00e1fica de las Indias.","potentialAction":[{"@type":"SearchAction","target":{"@type":"EntryPoint","urlTemplate":"https:\/\/www.lasociedadgeografica.com\/blog\/?s={search_term_string}"},"query-input":{"@type":"PropertyValueSpecification","valueRequired":true,"valueName":"search_term_string"}}],"inLanguage":"es"}]}},"_links":{"self":[{"href":"https:\/\/www.lasociedadgeografica.com\/blog\/wp-json\/wp\/v2\/pages\/23","targetHints":{"allow":["GET"]}}],"collection":[{"href":"https:\/\/www.lasociedadgeografica.com\/blog\/wp-json\/wp\/v2\/pages"}],"about":[{"href":"https:\/\/www.lasociedadgeografica.com\/blog\/wp-json\/wp\/v2\/types\/page"}],"author":[{"embeddable":true,"href":"https:\/\/www.lasociedadgeografica.com\/blog\/wp-json\/wp\/v2\/users\/1"}],"replies":[{"embeddable":true,"href":"https:\/\/www.lasociedadgeografica.com\/blog\/wp-json\/wp\/v2\/comments?post=23"}],"version-history":[{"count":16,"href":"https:\/\/www.lasociedadgeografica.com\/blog\/wp-json\/wp\/v2\/pages\/23\/revisions"}],"predecessor-version":[{"id":21704,"href":"https:\/\/www.lasociedadgeografica.com\/blog\/wp-json\/wp\/v2\/pages\/23\/revisions\/21704"}],"wp:attachment":[{"href":"https:\/\/www.lasociedadgeografica.com\/blog\/wp-json\/wp\/v2\/media?parent=23"}],"curies":[{"name":"wp","href":"https:\/\/api.w.org\/{rel}","templated":true}]}}