{"id":27,"date":"2009-04-01T12:26:54","date_gmt":"2009-04-01T10:26:54","guid":{"rendered":"https:\/\/www.lasociedadgeografica.com\/blog\/?page_id=27"},"modified":"2016-08-23T14:28:37","modified_gmt":"2016-08-23T12:28:37","slug":"info-practica","status":"publish","type":"page","link":"https:\/\/www.lasociedadgeografica.com\/blog\/info-practica\/","title":{"rendered":"Info pr\u00e1ctica"},"content":{"rendered":"<p><em><strong>ORIENTACIONES PARA VIAJEROS\/AS QUE VIAJAN A INDIA, NEPAL, BUT\u00c1N O\u00a0SRI LANKA<\/strong><\/em><\/p>\n<p>Consulta nuestra nueva p\u00e1gina con la informaci\u00f3n m\u00e1s actualizada:<br \/>\n<a href=\"http:\/\/blog.viajes-india.org\/\" target=\"_blank\">BLOG DE INFORMACI\u00d3N PR\u00c1CTICA PARA VIAJAR A INDIA, NEPAL, BUT\u00c1N O SRI LANKA<\/a><\/p>\n<p><a href=\"http:\/\/blog.viajes-india.org\/#home-3\" target=\"_blank\"><img loading=\"lazy\" decoding=\"async\" class=\"Blog de informaci\u00f3n pr\u00e1ctica para viajar a India, Sri Lanka, Nepal o But\u00e1n aligncenter wp-image-12744 size-large\" title=\"Blog de informaci\u00f3n pr\u00e1ctica para viajar a India, Sri Lanka, Nepal o But\u00e1n\" src=\"https:\/\/www.lasociedadgeografica.com\/blog\/uploads\/2009\/04\/captura-de-pantalla-2016-08-23-a-las-12-57-05-1024x547.png\" alt=\"Blog de informaci\u00f3n pr\u00e1ctica para viajar a India, Sri Lanka, Nepal o But\u00e1n\" width=\"728\" height=\"389\" srcset=\"https:\/\/www.lasociedadgeografica.com\/blog\/uploads\/2009\/04\/captura-de-pantalla-2016-08-23-a-las-12-57-05-1024x547.png 1024w, https:\/\/www.lasociedadgeografica.com\/blog\/uploads\/2009\/04\/captura-de-pantalla-2016-08-23-a-las-12-57-05-300x160.png 300w, https:\/\/www.lasociedadgeografica.com\/blog\/uploads\/2009\/04\/captura-de-pantalla-2016-08-23-a-las-12-57-05-728x389.png 728w, https:\/\/www.lasociedadgeografica.com\/blog\/uploads\/2009\/04\/captura-de-pantalla-2016-08-23-a-las-12-57-05-363x194.png 363w, https:\/\/www.lasociedadgeografica.com\/blog\/uploads\/2009\/04\/captura-de-pantalla-2016-08-23-a-las-12-57-05-462x247.png 462w, https:\/\/www.lasociedadgeografica.com\/blog\/uploads\/2009\/04\/captura-de-pantalla-2016-08-23-a-las-12-57-05.png 1920w\" sizes=\"auto, (max-width: 728px) 100vw, 728px\" \/><\/a><br \/>\n<a name=\"smore-\"><\/a><br \/>\n<strong>&#8212; \u00bfC\u00f3mo elegir un viaje?<\/strong><br \/>\n\u00b7 <a href=\"http:\/\/blog.viajes-india.org\/india\/antes-de-contratar-tu-viaje-a-india\/\" target=\"_blank\">Antes de contratar un viaje<\/a><\/p>\n<p><strong>&#8212; Vacunas.<\/strong><br \/>\n\u00b7 <a href=\"http:\/\/blog.viajes-india.org\/vacunas-para-viajar-a-la-india\/\" target=\"_blank\">Orientaciones generales\u00a0sobre vacunas<\/a><\/p>\n<p><strong>&#8212; Visados para viajar a India.<\/strong><br \/>\n\u00b7 <a href=\"http:\/\/blog.viajes-india.org\/india\/visados-para-viajar-a-india\/\" target=\"_blank\">Informaci\u00f3n general sobre visados\u00a0a India<\/a><br \/>\n\u00b7 <a href=\"http:\/\/blog.viajes-india.org\/visado-electronico-para-viajar-a-la-india\/\" target=\"_blank\">Visado de Turista\u00a0en India<\/a><br \/>\n\u00b7 <a href=\"http:\/\/blog.viajes-india.org\/visado-de-negocios-para-viajar-a-la-india\/\" target=\"_blank\">Visado de Negocios\u00a0en India<\/a><br \/>\n\u00b7 <a href=\"https:\/\/www.lasociedadgeografica.com\/blog\/informacion-util\/visado-de-trabajo-para-viajar-a-india\/\">Visado de Trabajo<\/a>\u00a0en India<br \/>\n\u00b7 <a href=\"http:\/\/blog.viajes-india.org\/visado-de-estudios-para-viajar-a-la-india\/\" target=\"_blank\">Visado de Estudios\u00a0en India<\/a><br \/>\n\u00b7 <a href=\"http:\/\/blog.viajes-india.org\/visado-para-congresos-en-la-india\/\" target=\"_blank\">Visado para Congresos, Formaci\u00f3n o Investigaci\u00f3n en India<\/a><br \/>\n\u00b7 <a href=\"http:\/\/blog.viajes-india.org\/visado-de-periodista-para-viajar-a-la-india\/\" target=\"_blank\">Visado de Periodista\u00a0en India<\/a><br \/>\n\u00b7 <a href=\"http:\/\/blog.viajes-india.org\/tipos-de-visado-para-viajar-a-la-india\/\" target=\"_blank\">Otros visados a India (Adopci\u00f3n, Asistencia M\u00e9dica&#8230;)<\/a><br \/>\n\u00b7 <a href=\"http:\/\/blog.viajes-india.org\/nepal\/visados-para-viajar-a-nepal\/\" target=\"_blank\">Visados para NEPAL<\/a><br \/>\n\u00b7 <a href=\"https:\/\/www.lasociedadgeografica.com\/blog\/informacion-util\/registro-en-la-embajada-antes-de-viajar\/\">Registro (voluntario) en la Embajada<\/a><\/p>\n<p><strong>&#8212; Preparando el equipaje.<\/strong><br \/>\n\u00b7 <a href=\"http:\/\/blog.viajes-india.org\/india\/preparando-el-equipaje-para-india\/\" target=\"_blank\">\u00bfC\u00f3mo preparo la maleta a India?<\/a><br \/>\n\u00b7 <a href=\"http:\/\/blog.viajes-india.org\/ropa-para-viajar-a-la-india\/\" target=\"_blank\">\u00bfQu\u00e9 ropa me llevo?<\/a><br \/>\n\u00b7 <a href=\"http:\/\/blog.viajes-india.org\/articulos-no-permitidos-en-la-india\/\" target=\"_blank\">\u00bfQu\u00e9 NO debo llevar a India?<\/a><\/p>\n<p><strong>&#8212; Preguntas habituales sobre los vuelos a India.<\/strong><br \/>\n\u00b7 <a href=\"https:\/\/www.lasociedadgeografica.com\/blog\/informacion-util\/dudas-frecuentes-vuelo-india-sociedad-geografica-de-las-indias\/\">Dudas frecuentes sobre mi vuelo a India<\/a><br \/>\n\u00b7 <a href=\"https:\/\/www.lasociedadgeografica.com\/blog\/sgi\/vuelos-a-india-asignacion-de-asientos\/\">Vuelos a India: asignaci\u00f3n de asientos<\/a><br \/>\n\u00b7 <a href=\"https:\/\/www.lasociedadgeografica.com\/blog\/informacion-util\/a-su-llegada-a-india\/\">A su llegada a India<br \/>\n<\/a>\u00b7 <a href=\"..\/?p=2659\">El equipaje en los vuelos dom\u00e9sticos en India<\/a>.<\/p>\n<p><strong>&#8212; Consejos generales.<\/strong><br \/>\n\u00b7 <a href=\"https:\/\/www.lasociedadgeografica.com\/blog\/informacion-util\/llamadas-internacionales-desde-india\/\">Llamadas internacionales a cobro revertido<\/a><br \/>\n\u00b7 <a href=\"https:\/\/www.lasociedadgeografica.com\/blog\/informacion-util\/consejos-para-viajar-a-india-dinero-y-propinas\/\">Dinero, cajeros y propinas<\/a><br \/>\n\u00b7 <a href=\"https:\/\/www.lasociedadgeografica.com\/blog\/sgi\/tabaco-y-alcohol-en-india\/\">Alcohol y tabaco en India<\/a><br \/>\n\u00b7 <a href=\"https:\/\/www.lasociedadgeografica.com\/blog\/sgi\/el-seguro-de-viaje-que-hacer-en-caso-de-emergencia\/\">El seguro de viaje. \u00bfQu\u00e9 hacer en caso de emergencia?<\/a><br \/>\n\u00b7 <a href=\"https:\/\/www.lasociedadgeografica.com\/blog\/gastronomia\/comidas-y-cenas-en-india\/\">Las comidas en India<\/a><br \/>\n\u00b7 <a href=\"https:\/\/www.lasociedadgeografica.com\/blog\/sgi\/consejos-para-moverse-en-la-calle\/\">C\u00f3mo moverse en la calle<\/a><br \/>\n\u00b7 <a href=\"https:\/\/www.lasociedadgeografica.com\/blog\/festividades\/festividades-en-india\/\">Festividades en India<\/a><\/p>\n<p><strong>&#8212; Tambi\u00e9n le puede interesar.<\/strong><br \/>\n\u00b7 <a href=\"https:\/\/www.lasociedadgeografica.com\/blog\/viajes-india\/itinerarios-malditos-1\/\">Itinerarios malditos<\/a><\/p>\n<p><em><strong>&#8212; &#8212; &#8212;<\/strong><\/em><\/p>\n<p><em><strong><br \/>\nOTROS RECURSOS Y ENLACES DE INTER\u00c9S<\/strong><\/em><\/p>\n<p><strong>&#8212; Cambio de moneda<br \/>\n\u00b7 <\/strong><a href=\"http:\/\/www.xe.com\/ucc\/\" target=\"_blank\">Conversor<\/a><br \/>\n\u00b7 <a href=\"https:\/\/www.lasociedadgeografica.com\/cotizacion-rupia-india.html\" target=\"_blank\">Cotizaci\u00f3n de la rupia, en tiempo real<\/a><\/p>\n<p><strong>&#8212; Clima<\/strong><br \/>\n\u00b7 <a href=\"https:\/\/www.lasociedadgeografica.com\/estado-del-tiempo-en-india.html\" target=\"_blank\">Estado del tiempo en India<\/a><br \/>\n\u00b7 <a href=\"http:\/\/www.tutiempo.net\/clima\/India\/IN.html\" target=\"_blank\">Temperaturas hist\u00f3ricas<\/a><\/p>\n","protected":false},"excerpt":{"rendered":"<p>ORIENTACIONES PARA VIAJEROS\/AS QUE VIAJAN A INDIA, NEPAL, BUT\u00c1N O\u00a0SRI LANKA Consulta nuestra nueva p\u00e1gina con la informaci\u00f3n m\u00e1s actualizada: BLOG DE INFORMACI\u00d3N PR\u00c1CTICA PARA VIAJAR A INDIA, NEPAL, BUT\u00c1N O SRI LANKA &#8212; \u00bfC\u00f3mo &hellip;<\/p>\n","protected":false},"author":1,"featured_media":0,"parent":0,"menu_order":4,"comment_status":"open","ping_status":"open","template":"","meta":{"footnotes":""},"class_list":["post-27","page","type-page","status-publish","hentry"],"yoast_head":"<!-- This site is optimized with the Yoast SEO plugin v27.2 - https:\/\/yoast.com\/product\/yoast-seo-wordpress\/ -->\n<title>Info pr\u00e1ctica<\/title>\n<meta name=\"robots\" content=\"index, follow, max-snippet:-1, max-image-preview:large, max-video-preview:-1\" \/>\n<link rel=\"canonical\" href=\"https:\/\/www.lasociedadgeografica.com\/blog\/info-practica\/\" \/>\n<meta property=\"og:locale\" content=\"es_ES\" \/>\n<meta property=\"og:type\" content=\"article\" \/>\n<meta property=\"og:title\" content=\"Info pr\u00e1ctica\" \/>\n<meta property=\"og:description\" content=\"ORIENTACIONES PARA VIAJEROS\/AS QUE VIAJAN A INDIA, NEPAL, BUT\u00c1N O\u00a0SRI LANKA Consulta nuestra nueva p\u00e1gina con la informaci\u00f3n m\u00e1s actualizada: BLOG DE INFORMACI\u00d3N PR\u00c1CTICA PARA VIAJAR A INDIA, NEPAL, BUT\u00c1N O SRI LANKA &#8212; \u00bfC\u00f3mo &hellip;\" \/>\n<meta property=\"og:url\" content=\"https:\/\/www.lasociedadgeografica.com\/blog\/info-practica\/\" \/>\n<meta property=\"og:site_name\" content=\"Blog de viajes a India\" \/>\n<meta property=\"article:modified_time\" content=\"2016-08-23T12:28:37+00:00\" \/>\n<meta property=\"og:image\" content=\"https:\/\/www.lasociedadgeografica.com\/blog\/uploads\/2009\/04\/captura-de-pantalla-2016-08-23-a-las-12-57-05-1024x547.png\" \/>\n<meta name=\"twitter:label1\" content=\"Tiempo de lectura\" \/>\n\t<meta name=\"twitter:data1\" content=\"1 minuto\" \/>\n<script type=\"application\/ld+json\" class=\"yoast-schema-graph\">{\"@context\":\"https:\/\/schema.org\",\"@graph\":[{\"@type\":\"WebPage\",\"@id\":\"https:\/\/www.lasociedadgeografica.com\/blog\/info-practica\/\",\"url\":\"https:\/\/www.lasociedadgeografica.com\/blog\/info-practica\/\",\"name\":\"Info pr\u00e1ctica\",\"isPartOf\":{\"@id\":\"https:\/\/www.lasociedadgeografica.com\/blog\/#website\"},\"primaryImageOfPage\":{\"@id\":\"https:\/\/www.lasociedadgeografica.com\/blog\/info-practica\/#primaryimage\"},\"image\":{\"@id\":\"https:\/\/www.lasociedadgeografica.com\/blog\/info-practica\/#primaryimage\"},\"thumbnailUrl\":\"https:\/\/www.lasociedadgeografica.com\/blog\/uploads\/2009\/04\/captura-de-pantalla-2016-08-23-a-las-12-57-05-1024x547.png\",\"datePublished\":\"2009-04-01T10:26:54+00:00\",\"dateModified\":\"2016-08-23T12:28:37+00:00\",\"breadcrumb\":{\"@id\":\"https:\/\/www.lasociedadgeografica.com\/blog\/info-practica\/#breadcrumb\"},\"inLanguage\":\"es\",\"potentialAction\":[{\"@type\":\"ReadAction\",\"target\":[\"https:\/\/www.lasociedadgeografica.com\/blog\/info-practica\/\"]}]},{\"@type\":\"ImageObject\",\"inLanguage\":\"es\",\"@id\":\"https:\/\/www.lasociedadgeografica.com\/blog\/info-practica\/#primaryimage\",\"url\":\"https:\/\/www.lasociedadgeografica.com\/blog\/uploads\/2009\/04\/captura-de-pantalla-2016-08-23-a-las-12-57-05.png\",\"contentUrl\":\"https:\/\/www.lasociedadgeografica.com\/blog\/uploads\/2009\/04\/captura-de-pantalla-2016-08-23-a-las-12-57-05.png\",\"width\":1920,\"height\":1026,\"caption\":\"Blog de informaci\u00f3n pr\u00e1ctica para viajar a India, Sri Lanka, Nepal o But\u00e1n\"},{\"@type\":\"BreadcrumbList\",\"@id\":\"https:\/\/www.lasociedadgeografica.com\/blog\/info-practica\/#breadcrumb\",\"itemListElement\":[{\"@type\":\"ListItem\",\"position\":1,\"name\":\"Portada\",\"item\":\"https:\/\/www.lasociedadgeografica.com\/blog\/\"},{\"@type\":\"ListItem\",\"position\":2,\"name\":\"Info pr\u00e1ctica\"}]},{\"@type\":\"WebSite\",\"@id\":\"https:\/\/www.lasociedadgeografica.com\/blog\/#website\",\"url\":\"https:\/\/www.lasociedadgeografica.com\/blog\/\",\"name\":\"Blog de viajes a India\",\"description\":\"Un lugar para Conocer India, con may\u00fasculas. El Blog de Sociedad Geogr\u00e1fica de las Indias.\",\"potentialAction\":[{\"@type\":\"SearchAction\",\"target\":{\"@type\":\"EntryPoint\",\"urlTemplate\":\"https:\/\/www.lasociedadgeografica.com\/blog\/?s={search_term_string}\"},\"query-input\":{\"@type\":\"PropertyValueSpecification\",\"valueRequired\":true,\"valueName\":\"search_term_string\"}}],\"inLanguage\":\"es\"}]}<\/script>\n<!-- \/ Yoast SEO plugin. -->","yoast_head_json":{"title":"Info pr\u00e1ctica","robots":{"index":"index","follow":"follow","max-snippet":"max-snippet:-1","max-image-preview":"max-image-preview:large","max-video-preview":"max-video-preview:-1"},"canonical":"https:\/\/www.lasociedadgeografica.com\/blog\/info-practica\/","og_locale":"es_ES","og_type":"article","og_title":"Info pr\u00e1ctica","og_description":"ORIENTACIONES PARA VIAJEROS\/AS QUE VIAJAN A INDIA, NEPAL, BUT\u00c1N O\u00a0SRI LANKA Consulta nuestra nueva p\u00e1gina con la informaci\u00f3n m\u00e1s actualizada: BLOG DE INFORMACI\u00d3N PR\u00c1CTICA PARA VIAJAR A INDIA, NEPAL, BUT\u00c1N O SRI LANKA &#8212; \u00bfC\u00f3mo &hellip;","og_url":"https:\/\/www.lasociedadgeografica.com\/blog\/info-practica\/","og_site_name":"Blog de viajes a India","article_modified_time":"2016-08-23T12:28:37+00:00","og_image":[{"url":"https:\/\/www.lasociedadgeografica.com\/blog\/uploads\/2009\/04\/captura-de-pantalla-2016-08-23-a-las-12-57-05-1024x547.png","type":"","width":"","height":""}],"twitter_misc":{"Tiempo de lectura":"1 minuto"},"schema":{"@context":"https:\/\/schema.org","@graph":[{"@type":"WebPage","@id":"https:\/\/www.lasociedadgeografica.com\/blog\/info-practica\/","url":"https:\/\/www.lasociedadgeografica.com\/blog\/info-practica\/","name":"Info pr\u00e1ctica","isPartOf":{"@id":"https:\/\/www.lasociedadgeografica.com\/blog\/#website"},"primaryImageOfPage":{"@id":"https:\/\/www.lasociedadgeografica.com\/blog\/info-practica\/#primaryimage"},"image":{"@id":"https:\/\/www.lasociedadgeografica.com\/blog\/info-practica\/#primaryimage"},"thumbnailUrl":"https:\/\/www.lasociedadgeografica.com\/blog\/uploads\/2009\/04\/captura-de-pantalla-2016-08-23-a-las-12-57-05-1024x547.png","datePublished":"2009-04-01T10:26:54+00:00","dateModified":"2016-08-23T12:28:37+00:00","breadcrumb":{"@id":"https:\/\/www.lasociedadgeografica.com\/blog\/info-practica\/#breadcrumb"},"inLanguage":"es","potentialAction":[{"@type":"ReadAction","target":["https:\/\/www.lasociedadgeografica.com\/blog\/info-practica\/"]}]},{"@type":"ImageObject","inLanguage":"es","@id":"https:\/\/www.lasociedadgeografica.com\/blog\/info-practica\/#primaryimage","url":"https:\/\/www.lasociedadgeografica.com\/blog\/uploads\/2009\/04\/captura-de-pantalla-2016-08-23-a-las-12-57-05.png","contentUrl":"https:\/\/www.lasociedadgeografica.com\/blog\/uploads\/2009\/04\/captura-de-pantalla-2016-08-23-a-las-12-57-05.png","width":1920,"height":1026,"caption":"Blog de informaci\u00f3n pr\u00e1ctica para viajar a India, Sri Lanka, Nepal o But\u00e1n"},{"@type":"BreadcrumbList","@id":"https:\/\/www.lasociedadgeografica.com\/blog\/info-practica\/#breadcrumb","itemListElement":[{"@type":"ListItem","position":1,"name":"Portada","item":"https:\/\/www.lasociedadgeografica.com\/blog\/"},{"@type":"ListItem","position":2,"name":"Info pr\u00e1ctica"}]},{"@type":"WebSite","@id":"https:\/\/www.lasociedadgeografica.com\/blog\/#website","url":"https:\/\/www.lasociedadgeografica.com\/blog\/","name":"Blog de viajes a India","description":"Un lugar para Conocer India, con may\u00fasculas. El Blog de Sociedad Geogr\u00e1fica de las Indias.","potentialAction":[{"@type":"SearchAction","target":{"@type":"EntryPoint","urlTemplate":"https:\/\/www.lasociedadgeografica.com\/blog\/?s={search_term_string}"},"query-input":{"@type":"PropertyValueSpecification","valueRequired":true,"valueName":"search_term_string"}}],"inLanguage":"es"}]}},"_links":{"self":[{"href":"https:\/\/www.lasociedadgeografica.com\/blog\/wp-json\/wp\/v2\/pages\/27","targetHints":{"allow":["GET"]}}],"collection":[{"href":"https:\/\/www.lasociedadgeografica.com\/blog\/wp-json\/wp\/v2\/pages"}],"about":[{"href":"https:\/\/www.lasociedadgeografica.com\/blog\/wp-json\/wp\/v2\/types\/page"}],"author":[{"embeddable":true,"href":"https:\/\/www.lasociedadgeografica.com\/blog\/wp-json\/wp\/v2\/users\/1"}],"replies":[{"embeddable":true,"href":"https:\/\/www.lasociedadgeografica.com\/blog\/wp-json\/wp\/v2\/comments?post=27"}],"version-history":[{"count":18,"href":"https:\/\/www.lasociedadgeografica.com\/blog\/wp-json\/wp\/v2\/pages\/27\/revisions"}],"predecessor-version":[{"id":12747,"href":"https:\/\/www.lasociedadgeografica.com\/blog\/wp-json\/wp\/v2\/pages\/27\/revisions\/12747"}],"wp:attachment":[{"href":"https:\/\/www.lasociedadgeografica.com\/blog\/wp-json\/wp\/v2\/media?parent=27"}],"curies":[{"name":"wp","href":"https:\/\/api.w.org\/{rel}","templated":true}]}}