{"id":8823,"date":"2015-01-28T22:19:29","date_gmt":"2015-01-28T21:19:29","guid":{"rendered":"https:\/\/www.lasociedadgeografica.com\/blog\/?page_id=8823"},"modified":"2017-03-31T12:45:23","modified_gmt":"2017-03-31T10:45:23","slug":"suscribirse","status":"publish","type":"page","link":"https:\/\/www.lasociedadgeografica.com\/blog\/suscribirse\/","title":{"rendered":"Suscribirse"},"content":{"rendered":"<p><a href=\"\/\/www.lasociedadgeografica.com\/blog\/uploads\/2015\/01\/c04387c7-e204-4871-82c0-539d240da95b.jpg\"><img loading=\"lazy\" decoding=\"async\" class=\"aligncenter size-full wp-image-9326\" src=\"\/\/www.lasociedadgeografica.com\/blog\/uploads\/2015\/01\/c04387c7-e204-4871-82c0-539d240da95b.jpg\" alt=\"Times of Peacocks - cabecera\" width=\"682\" height=\"75\" srcset=\"https:\/\/www.lasociedadgeografica.com\/blog\/uploads\/2015\/01\/c04387c7-e204-4871-82c0-539d240da95b.jpg 682w, https:\/\/www.lasociedadgeografica.com\/blog\/uploads\/2015\/01\/c04387c7-e204-4871-82c0-539d240da95b-300x33.jpg 300w, https:\/\/www.lasociedadgeografica.com\/blog\/uploads\/2015\/01\/c04387c7-e204-4871-82c0-539d240da95b-363x40.jpg 363w, https:\/\/www.lasociedadgeografica.com\/blog\/uploads\/2015\/01\/c04387c7-e204-4871-82c0-539d240da95b-462x51.jpg 462w\" sizes=\"auto, (max-width: 682px) 100vw, 682px\" \/><\/a><\/p>\n<p>Suscr\u00edbete para recibir <strong>Times of Peacocks<\/strong> &#8211; nuestro bolet\u00edn mensual con las novedades m\u00e1s selectas sobre viajes al Subcontinente Indio.<\/p>\n<div class=\"SGIcontact\"><form id=\"sf_shortcode_SGInews_0F\" onsubmit=\"event.preventDefault();return false;\" class=\"SGIcontactwidget_form\" style=\"text-align:center\"><p style=\"text-align:center;font-style:italic;font-size:14px;padding-bottom:10px;\" id=\"sf_shortcode_SGInews_0FP\">\u00bfSab\u00edas que la plaza Durbar de Pat\u00e1n (Nepal) es uno de los sitios con mayor n\u00famero de obras arquitect\u00f3nicas del mundo?<\/p>\n<p style=\"padding-bottom:10px;color:#333;font-style:italic;font-size:14px;\" id=\"sf_shortcode_SGInews_0FP1\">Ent\u00e9rate Aqu\u00ed<\/p>\n<p style=\"text-align:center;font-style:italic;font-size:14px;padding-bottom:10px;display:none;color:#009900\" id=\"sf_shortcode_SGInews_0FP2\">A continuaci\u00f3n te ofrecemos la suscripci\u00f3n gratuita a un Bolet\u00edn de Noticias repleto de ideas y sugerencias para viajar a India.<br><br>\n                  \u00a1Disfr\u00fatalo!<br>Podr\u00e1s dejar de recibirlo cuando quieras.<\/p>\n<div id=\"sf_shortcode_SGInews_0FD\"><p id=\"sf_shortcode_SGInews_0FP3\" style=\"text-align:left\"><label for=\"nombre\">Tu nombre<\/label><br \/><input type=\"text\" name=\"nombre\" class=\"input\" \/><\/p>\n<p id=\"sf_shortcode_SGInews_0FP4\" style=\"text-align:left\"><label for=\"email\">Tu e-mail<\/label><br \/><input type=\"text\" name=\"email\" class=\"input\" \/><\/p>\n<p id=\"sf_shortcode_SGInews_0FP5\" style=\"text-align:left\"><input type=\"checkbox\" name=\"agree\" style=\"width:auto;margin:0;padding:0\" onchange=\"changeAgree(this)\" value=\"1\" class=\"agreeCheckBox\" \/>&nbsp;&nbsp;Acepto la <a style=\"color: #888;\" href=\"javascript:void(0)\" onclick=\"loadLegalPopup('llPrivacidad');return false;\">Pol\u00edtica de Privacidad<\/a><\/p>\n<input type=\"submit\" name=\"enviar\" value=\"Suscr\u00edbete\" onclick=\"return frmPostNews('sf_shortcode_SGInews_0F');\" \/>\n<\/div><\/form>\n<\/div>\n<p><a href=\"http:\/\/eepurl.com\/bfJiFj\" target=\"_blank\"><img loading=\"lazy\" decoding=\"async\" class=\" alignright wp-image-9328\" src=\"\/\/www.lasociedadgeografica.com\/blog\/uploads\/2015\/01\/ToP-marzo.png\" alt=\"ToP marzo\" width=\"304\" height=\"524\" \/><\/a><\/p>\n<p><a href=\"http:\/\/eepurl.com\/bddazL\" target=\"_blank\"><img loading=\"lazy\" decoding=\"async\" class=\"alignleft wp-image-9327\" src=\"\/\/www.lasociedadgeografica.com\/blog\/uploads\/2015\/01\/ToP-febrero.png\" alt=\"ToP febrero\" width=\"298\" height=\"514\" \/><\/a><\/p>\n","protected":false},"excerpt":{"rendered":"<p>Suscr\u00edbete para recibir Times of Peacocks &#8211; nuestro bolet\u00edn mensual con las novedades m\u00e1s selectas sobre viajes al Subcontinente Indio.<\/p>\n","protected":false},"author":1,"featured_media":0,"parent":0,"menu_order":0,"comment_status":"closed","ping_status":"closed","template":"","meta":{"footnotes":""},"class_list":["post-8823","page","type-page","status-publish","hentry"],"yoast_head":"<!-- This site is optimized with the Yoast SEO plugin v27.4 - https:\/\/yoast.com\/product\/yoast-seo-wordpress\/ -->\n<title>Suscribirse<\/title>\n<meta name=\"robots\" content=\"noindex, follow\" \/>\n<meta property=\"og:locale\" content=\"es_ES\" \/>\n<meta property=\"og:type\" content=\"article\" \/>\n<meta property=\"og:title\" content=\"Suscribirse\" \/>\n<meta property=\"og:description\" content=\"Suscr\u00edbete para recibir Times of Peacocks &#8211; nuestro bolet\u00edn mensual con las novedades m\u00e1s selectas sobre viajes al Subcontinente Indio.\" \/>\n<meta property=\"og:url\" content=\"https:\/\/www.lasociedadgeografica.com\/blog\/suscribirse\/\" \/>\n<meta property=\"og:site_name\" content=\"Blog de viajes a India\" \/>\n<meta property=\"article:modified_time\" content=\"2017-03-31T10:45:23+00:00\" \/>\n<meta property=\"og:image\" content=\"\/\/www.lasociedadgeografica.com\/blog\/uploads\/2015\/01\/c04387c7-e204-4871-82c0-539d240da95b.jpg\" \/>\n<script type=\"application\/ld+json\" class=\"yoast-schema-graph\">{\"@context\":\"https:\\\/\\\/schema.org\",\"@graph\":[{\"@type\":\"WebPage\",\"@id\":\"https:\\\/\\\/www.lasociedadgeografica.com\\\/blog\\\/suscribirse\\\/\",\"url\":\"https:\\\/\\\/www.lasociedadgeografica.com\\\/blog\\\/suscribirse\\\/\",\"name\":\"Suscribirse\",\"isPartOf\":{\"@id\":\"https:\\\/\\\/www.lasociedadgeografica.com\\\/blog\\\/#website\"},\"datePublished\":\"2015-01-28T21:19:29+00:00\",\"dateModified\":\"2017-03-31T10:45:23+00:00\",\"breadcrumb\":{\"@id\":\"https:\\\/\\\/www.lasociedadgeografica.com\\\/blog\\\/suscribirse\\\/#breadcrumb\"},\"inLanguage\":\"es\",\"potentialAction\":[{\"@type\":\"ReadAction\",\"target\":[\"https:\\\/\\\/www.lasociedadgeografica.com\\\/blog\\\/suscribirse\\\/\"]}]},{\"@type\":\"BreadcrumbList\",\"@id\":\"https:\\\/\\\/www.lasociedadgeografica.com\\\/blog\\\/suscribirse\\\/#breadcrumb\",\"itemListElement\":[{\"@type\":\"ListItem\",\"position\":1,\"name\":\"Portada\",\"item\":\"https:\\\/\\\/www.lasociedadgeografica.com\\\/blog\\\/\"},{\"@type\":\"ListItem\",\"position\":2,\"name\":\"Suscribirse\"}]},{\"@type\":\"WebSite\",\"@id\":\"https:\\\/\\\/www.lasociedadgeografica.com\\\/blog\\\/#website\",\"url\":\"https:\\\/\\\/www.lasociedadgeografica.com\\\/blog\\\/\",\"name\":\"Blog de viajes a India\",\"description\":\"Un lugar para Conocer India, con may\u00fasculas. El Blog de Sociedad Geogr\u00e1fica de las Indias.\",\"potentialAction\":[{\"@type\":\"SearchAction\",\"target\":{\"@type\":\"EntryPoint\",\"urlTemplate\":\"https:\\\/\\\/www.lasociedadgeografica.com\\\/blog\\\/?s={search_term_string}\"},\"query-input\":{\"@type\":\"PropertyValueSpecification\",\"valueRequired\":true,\"valueName\":\"search_term_string\"}}],\"inLanguage\":\"es\"}]}<\/script>\n<!-- \/ Yoast SEO plugin. -->","yoast_head_json":{"title":"Suscribirse","robots":{"index":"noindex","follow":"follow"},"og_locale":"es_ES","og_type":"article","og_title":"Suscribirse","og_description":"Suscr\u00edbete para recibir Times of Peacocks &#8211; nuestro bolet\u00edn mensual con las novedades m\u00e1s selectas sobre viajes al Subcontinente Indio.","og_url":"https:\/\/www.lasociedadgeografica.com\/blog\/suscribirse\/","og_site_name":"Blog de viajes a India","article_modified_time":"2017-03-31T10:45:23+00:00","og_image":[{"url":"\/\/www.lasociedadgeografica.com\/blog\/uploads\/2015\/01\/c04387c7-e204-4871-82c0-539d240da95b.jpg","type":"","width":"","height":""}],"schema":{"@context":"https:\/\/schema.org","@graph":[{"@type":"WebPage","@id":"https:\/\/www.lasociedadgeografica.com\/blog\/suscribirse\/","url":"https:\/\/www.lasociedadgeografica.com\/blog\/suscribirse\/","name":"Suscribirse","isPartOf":{"@id":"https:\/\/www.lasociedadgeografica.com\/blog\/#website"},"datePublished":"2015-01-28T21:19:29+00:00","dateModified":"2017-03-31T10:45:23+00:00","breadcrumb":{"@id":"https:\/\/www.lasociedadgeografica.com\/blog\/suscribirse\/#breadcrumb"},"inLanguage":"es","potentialAction":[{"@type":"ReadAction","target":["https:\/\/www.lasociedadgeografica.com\/blog\/suscribirse\/"]}]},{"@type":"BreadcrumbList","@id":"https:\/\/www.lasociedadgeografica.com\/blog\/suscribirse\/#breadcrumb","itemListElement":[{"@type":"ListItem","position":1,"name":"Portada","item":"https:\/\/www.lasociedadgeografica.com\/blog\/"},{"@type":"ListItem","position":2,"name":"Suscribirse"}]},{"@type":"WebSite","@id":"https:\/\/www.lasociedadgeografica.com\/blog\/#website","url":"https:\/\/www.lasociedadgeografica.com\/blog\/","name":"Blog de viajes a India","description":"Un lugar para Conocer India, con may\u00fasculas. El Blog de Sociedad Geogr\u00e1fica de las Indias.","potentialAction":[{"@type":"SearchAction","target":{"@type":"EntryPoint","urlTemplate":"https:\/\/www.lasociedadgeografica.com\/blog\/?s={search_term_string}"},"query-input":{"@type":"PropertyValueSpecification","valueRequired":true,"valueName":"search_term_string"}}],"inLanguage":"es"}]}},"_links":{"self":[{"href":"https:\/\/www.lasociedadgeografica.com\/blog\/wp-json\/wp\/v2\/pages\/8823","targetHints":{"allow":["GET"]}}],"collection":[{"href":"https:\/\/www.lasociedadgeografica.com\/blog\/wp-json\/wp\/v2\/pages"}],"about":[{"href":"https:\/\/www.lasociedadgeografica.com\/blog\/wp-json\/wp\/v2\/types\/page"}],"author":[{"embeddable":true,"href":"https:\/\/www.lasociedadgeografica.com\/blog\/wp-json\/wp\/v2\/users\/1"}],"replies":[{"embeddable":true,"href":"https:\/\/www.lasociedadgeografica.com\/blog\/wp-json\/wp\/v2\/comments?post=8823"}],"version-history":[{"count":3,"href":"https:\/\/www.lasociedadgeografica.com\/blog\/wp-json\/wp\/v2\/pages\/8823\/revisions"}],"predecessor-version":[{"id":9329,"href":"https:\/\/www.lasociedadgeografica.com\/blog\/wp-json\/wp\/v2\/pages\/8823\/revisions\/9329"}],"wp:attachment":[{"href":"https:\/\/www.lasociedadgeografica.com\/blog\/wp-json\/wp\/v2\/media?parent=8823"}],"curies":[{"name":"wp","href":"https:\/\/api.w.org\/{rel}","templated":true}]}}